{"id":498,"date":"2025-09-11T10:23:22","date_gmt":"2025-09-11T10:23:22","guid":{"rendered":"https:\/\/www.altusintelligence.eu\/about-us\/"},"modified":"2025-11-03T13:44:59","modified_gmt":"2025-11-03T13:44:59","slug":"about-us","status":"publish","type":"page","link":"https:\/\/www.altusintelligence.eu\/en\/about-us\/","title":{"rendered":"About Us"},"content":{"rendered":"<section id=\"hero-block_bf16be116bb35240fd9d1a6fcb728da8\" class=\"block hero\">\n    <div class=\"container\">\n        <div class=\"row\">\n            <div class=\"col-12 col-lg-auto col-content\">\n                <div class=\"inner-content\">\n                                            <h1>Who We Are<\/h1>\n                                                                <p>We have been working in the field of business management or Enterprise Resource Planning (ERP) solutions since 2007, primarily developing, implementing and supporting ERP solutions in the small and medium enterprise segment in Latvia and the Baltic states.<\/p>\n<p>Regardless of project scope or specifics, our fundamental motivation is always your business development. We are proud of successfully implemented solutions across various industries &#8211; in the financial sector, manufacturing, both retail and wholesales, e-commerce, and others. Our remarkable added value is extensive industry and business process competencies that bring not only quality technical knowledge but also business expertise within every project.<\/p>\n                                                        <\/div>\n            <\/div>\n            <div class=\"col-12 col-lg\">\n                <div class=\"hero-image\">\n                                                <div class=\"background-image\">\n        <img decoding=\"async\" src=\"https:\/\/www.altusintelligence.eu\/wp-content\/uploads\/2025\/09\/Stocksy_txpe6a2266epwA400_Medium_4267583.jpg\" alt=\"554\">\n    <\/div>\n                                                        <\/div>\n\n            <\/div>\n        <\/div>\n    <\/div>\n<\/section>\n\n\n<section id=\"what-we-do-block_04f72e7d6609e51585573e57d697e8ef\" class=\"block what-we-do\" data-animation-type=\"fade-in-up\">\n\n    <div class=\"container\" data-animation-target>\n\n                    <h2 class=\"block-title\">What We Do<\/h2>\n                            <div class=\"row\">\n                \n                    <div class=\"col-12 col-lg-4\">\n                        <div class=\"what-we-do-card\">\n                                                            <h4>Implementation of ERP and CRM systems<\/h4>\n                                                                                        <p><p>We carry out ERP and CRM system implementation projects using a globally recognized and manufacturer-recommended methodology. The range of services includes a full implementation cycle &#8211; analysis of business processes and selection of solutions, project implementation and management of the specialists involved, system installation, customization, training, as well as go-live commissioning planning and support.<\/p>\n<\/p>\n                                                    <\/div>\n                    <\/div>\n\n                \n                    <div class=\"col-12 col-lg-4\">\n                        <div class=\"what-we-do-card\">\n                                                            <h4>Business process consulting<\/h4>\n                                                                                        <p><p><span style=\"\">ERP\/CRM solutions are a tool for executing your business process, but the process itself, in turn, is what determines efficiency. We help you identify the most appropriate processes, taking into account both the structure of your organization and the available resources, strategy and and the goals.<\/span><\/p>\n<\/p>\n                                                    <\/div>\n                    <\/div>\n\n                \n                    <div class=\"col-12 col-lg-4\">\n                        <div class=\"what-we-do-card\">\n                                                            <h4>IT project management<\/h4>\n                                                                                        <p><p>Introducing or changing a business management solution is a serious business project in which software is only part of the total investment. When it comes to human resource management, change management and process changes, the professional competencies of project managers also become critical &#8211; a service that we will be happy to provide.<\/p>\n<\/p>\n                                                    <\/div>\n                    <\/div>\n\n                \n            <\/div>\n        \n    <\/div>\n\n<\/section>\n\n\n<section id=\"karjera\" class=\"block vacancies\" data-animation-type=\"fade-in-up\">\n\n    <div class=\"container\" data-animation-target>\n\n                    <h2 class=\"block-title\">\n                Career Opportunities            <\/h2>\n                            <div class=\"row\">\n                                                                            <div class=\"col-12\">\n                        <div class=\"vacancy-card\">\n                            <div>\n                                <h4 class=\"vacancy-title\">\n                                    SAP (ERP sist\u0113mu) Programm\u0113t\u0101js                                <\/h4>\n                                                            <\/div>\n                            <div>\n                                <a class=\"c-btn c-btn-secondary\" href=\"https:\/\/www.altusintelligence.eu\/vacancy\/sap-erp-sistemu-programmetajs\/\">\n                                    Uzzin\u0101t vair\u0101k                                <\/a>\n                            <\/div>\n                        <\/div>\n                    <\/div>\n                            <\/div>\n        \n    <\/div>\n\n<\/section>\n\n\n<section id=\"technologies-block_c426b443842ce5b6a01c924c95a92d62\" class=\"block technologies\" data-animation-type=\"fade-in-up\">\n\n    <div class=\"container\" data-animation-target>\n\n                    <h2 class=\"block-title\">Technologies<\/h2>\n                            <div class=\"row\">\n                                                        <div class=\"col-12 col-lg-4\">\n                        <div class=\"technology-card\">\n                                                            <img decoding=\"async\" src=\"https:\/\/www.altusintelligence.eu\/wp-content\/uploads\/2025\/09\/i8.svg\" alt=\"\">\n                            \n                                                            <p>Altus Intelligence is the SAP Business ByDesign competence center in Latvia. Consultants specialize in both functional and technical aspects of the solution implementation, and also obtain at least SAP Certified Associate professional certificates. We also perform technical additions to the solution within the framework of projects and localization, using SAP Cloud Applications Studio and other SAP technologies.<\/p>\n                                                    <\/div>\n                    <\/div>\n\n                                                        <div class=\"col-12 col-lg-4\">\n                        <div class=\"technology-card\">\n                                                            <img decoding=\"async\" src=\"https:\/\/www.altusintelligence.eu\/wp-content\/uploads\/2025\/09\/501267c1b8fe38f0c33ad79118a5e18a31b1d022.png\" alt=\"\">\n                            \n                                                            <p>We develop ERP related software in the Microsoft .NET environment, using modern cloud platform technologies. The solutions are primarily intended for ERP system localization and integration purposes, and are created both as separate specialized applications and as a &#8220;middleware&#8221; service..<\/p>\n                                                    <\/div>\n                    <\/div>\n\n                \n            <\/div>\n        \n    <\/div>\n\n<\/section>\n","protected":false},"excerpt":{"rendered":"","protected":false},"author":1,"featured_media":0,"parent":0,"menu_order":0,"comment_status":"closed","ping_status":"closed","template":"","meta":{"_acf_changed":false,"footnotes":""},"class_list":["post-498","page","type-page","status-publish","hentry"],"acf":[],"yoast_head":"<!-- This site is optimized with the Yoast SEO plugin v25.8 - https:\/\/yoast.com\/wordpress\/plugins\/seo\/ -->\n<title>About Us | Altus Intelligence<\/title>\n<meta name=\"description\" content=\"Altus Intelligence is the SAP Business ByDesign competence center in Latvia. Consultants specialize in both functional and technical aspects of solution implementation, and obtain at least SAP Certified Associate professional certifications.\" \/>\n<meta name=\"robots\" content=\"index, follow, max-snippet:-1, max-image-preview:large, max-video-preview:-1\" \/>\n<link rel=\"canonical\" href=\"https:\/\/www.altusintelligence.eu\/en\/about-us\/\" \/>\n<meta property=\"og:locale\" content=\"en_US\" \/>\n<meta property=\"og:type\" content=\"article\" \/>\n<meta property=\"og:title\" content=\"About Us | Altus Intelligence\" \/>\n<meta property=\"og:description\" content=\"Altus Intelligence is the SAP Business ByDesign competence center in Latvia. Consultants specialize in both functional and technical aspects of solution implementation, and obtain at least SAP Certified Associate professional certifications.\" \/>\n<meta property=\"og:url\" content=\"https:\/\/www.altusintelligence.eu\/en\/about-us\/\" \/>\n<meta property=\"og:site_name\" content=\"Altus Intelligence\" \/>\n<meta property=\"article:modified_time\" content=\"2025-11-03T13:44:59+00:00\" \/>\n<meta name=\"twitter:card\" content=\"summary_large_image\" \/>\n<script type=\"application\/ld+json\" class=\"yoast-schema-graph\">{\"@context\":\"https:\/\/schema.org\",\"@graph\":[{\"@type\":\"WebPage\",\"@id\":\"https:\/\/www.altusintelligence.eu\/en\/about-us\/\",\"url\":\"https:\/\/www.altusintelligence.eu\/en\/about-us\/\",\"name\":\"About Us | Altus Intelligence\",\"isPartOf\":{\"@id\":\"https:\/\/www.altusintelligence.eu\/en\/#website\"},\"datePublished\":\"2025-09-11T10:23:22+00:00\",\"dateModified\":\"2025-11-03T13:44:59+00:00\",\"description\":\"Altus Intelligence is the SAP Business ByDesign competence center in Latvia. Consultants specialize in both functional and technical aspects of solution implementation, and obtain at least SAP Certified Associate professional certifications.\",\"breadcrumb\":{\"@id\":\"https:\/\/www.altusintelligence.eu\/en\/about-us\/#breadcrumb\"},\"inLanguage\":\"en-US\",\"potentialAction\":[{\"@type\":\"ReadAction\",\"target\":[\"https:\/\/www.altusintelligence.eu\/en\/about-us\/\"]}]},{\"@type\":\"BreadcrumbList\",\"@id\":\"https:\/\/www.altusintelligence.eu\/en\/about-us\/#breadcrumb\",\"itemListElement\":[{\"@type\":\"ListItem\",\"position\":1,\"name\":\"Home\",\"item\":\"https:\/\/www.altusintelligence.eu\/en\/\"},{\"@type\":\"ListItem\",\"position\":2,\"name\":\"About Us\"}]},{\"@type\":\"WebSite\",\"@id\":\"https:\/\/www.altusintelligence.eu\/en\/#website\",\"url\":\"https:\/\/www.altusintelligence.eu\/en\/\",\"name\":\"Altus Intelligence\",\"description\":\"\",\"potentialAction\":[{\"@type\":\"SearchAction\",\"target\":{\"@type\":\"EntryPoint\",\"urlTemplate\":\"https:\/\/www.altusintelligence.eu\/en\/?s={search_term_string}\"},\"query-input\":{\"@type\":\"PropertyValueSpecification\",\"valueRequired\":true,\"valueName\":\"search_term_string\"}}],\"inLanguage\":\"en-US\"}]}<\/script>\n<!-- \/ Yoast SEO plugin. -->","yoast_head_json":{"title":"About Us | Altus Intelligence","description":"Altus Intelligence is the SAP Business ByDesign competence center in Latvia. Consultants specialize in both functional and technical aspects of solution implementation, and obtain at least SAP Certified Associate professional certifications.","robots":{"index":"index","follow":"follow","max-snippet":"max-snippet:-1","max-image-preview":"max-image-preview:large","max-video-preview":"max-video-preview:-1"},"canonical":"https:\/\/www.altusintelligence.eu\/en\/about-us\/","og_locale":"en_US","og_type":"article","og_title":"About Us | Altus Intelligence","og_description":"Altus Intelligence is the SAP Business ByDesign competence center in Latvia. Consultants specialize in both functional and technical aspects of solution implementation, and obtain at least SAP Certified Associate professional certifications.","og_url":"https:\/\/www.altusintelligence.eu\/en\/about-us\/","og_site_name":"Altus Intelligence","article_modified_time":"2025-11-03T13:44:59+00:00","twitter_card":"summary_large_image","schema":{"@context":"https:\/\/schema.org","@graph":[{"@type":"WebPage","@id":"https:\/\/www.altusintelligence.eu\/en\/about-us\/","url":"https:\/\/www.altusintelligence.eu\/en\/about-us\/","name":"About Us | Altus Intelligence","isPartOf":{"@id":"https:\/\/www.altusintelligence.eu\/en\/#website"},"datePublished":"2025-09-11T10:23:22+00:00","dateModified":"2025-11-03T13:44:59+00:00","description":"Altus Intelligence is the SAP Business ByDesign competence center in Latvia. Consultants specialize in both functional and technical aspects of solution implementation, and obtain at least SAP Certified Associate professional certifications.","breadcrumb":{"@id":"https:\/\/www.altusintelligence.eu\/en\/about-us\/#breadcrumb"},"inLanguage":"en-US","potentialAction":[{"@type":"ReadAction","target":["https:\/\/www.altusintelligence.eu\/en\/about-us\/"]}]},{"@type":"BreadcrumbList","@id":"https:\/\/www.altusintelligence.eu\/en\/about-us\/#breadcrumb","itemListElement":[{"@type":"ListItem","position":1,"name":"Home","item":"https:\/\/www.altusintelligence.eu\/en\/"},{"@type":"ListItem","position":2,"name":"About Us"}]},{"@type":"WebSite","@id":"https:\/\/www.altusintelligence.eu\/en\/#website","url":"https:\/\/www.altusintelligence.eu\/en\/","name":"Altus Intelligence","description":"","potentialAction":[{"@type":"SearchAction","target":{"@type":"EntryPoint","urlTemplate":"https:\/\/www.altusintelligence.eu\/en\/?s={search_term_string}"},"query-input":{"@type":"PropertyValueSpecification","valueRequired":true,"valueName":"search_term_string"}}],"inLanguage":"en-US"}]}},"_links":{"self":[{"href":"https:\/\/www.altusintelligence.eu\/en\/wp-json\/wp\/v2\/pages\/498","targetHints":{"allow":["GET"]}}],"collection":[{"href":"https:\/\/www.altusintelligence.eu\/en\/wp-json\/wp\/v2\/pages"}],"about":[{"href":"https:\/\/www.altusintelligence.eu\/en\/wp-json\/wp\/v2\/types\/page"}],"author":[{"embeddable":true,"href":"https:\/\/www.altusintelligence.eu\/en\/wp-json\/wp\/v2\/users\/1"}],"replies":[{"embeddable":true,"href":"https:\/\/www.altusintelligence.eu\/en\/wp-json\/wp\/v2\/comments?post=498"}],"version-history":[{"count":5,"href":"https:\/\/www.altusintelligence.eu\/en\/wp-json\/wp\/v2\/pages\/498\/revisions"}],"predecessor-version":[{"id":684,"href":"https:\/\/www.altusintelligence.eu\/en\/wp-json\/wp\/v2\/pages\/498\/revisions\/684"}],"wp:attachment":[{"href":"https:\/\/www.altusintelligence.eu\/en\/wp-json\/wp\/v2\/media?parent=498"}],"curies":[{"name":"wp","href":"https:\/\/api.w.org\/{rel}","templated":true}]}}