{"id":743,"date":"2025-10-21T10:33:14","date_gmt":"2025-10-21T10:33:14","guid":{"rendered":"https:\/\/www.altusintelligence.eu\/?page_id=743"},"modified":"2026-01-22T13:19:23","modified_gmt":"2026-01-22T13:19:23","slug":"news","status":"publish","type":"page","link":"https:\/\/www.altusintelligence.eu\/en\/news\/","title":{"rendered":"News"},"content":{"rendered":"<section id=\"image-block_e692d2d3c0ae3c3ef87421eb0d9276e3\" class=\"block image\" data-animation-type=\"fade-in-up\">\n    <div class=\"container\">\n        <div class=\"row\" data-animation-target>\n            <div class=\"col-12\">\n                                        <div class=\"background-image\">\n        <img decoding=\"async\" src=\"https:\/\/www.altusintelligence.eu\/wp-content\/uploads\/2025\/10\/Bilde-5-1-e1761662118894.jpg\" alt=\"746\">\n    <\/div>\n                            <\/div>\n        <\/div>\n    <\/div>\n<\/section>\n\n\n<section id=\"call-to-action-block_21f3c9b04bbb8f9fbaf15ba5b603be89\" class=\"block call-to-action\" data-animation-type=\"fade-in-up\">\n    <div class=\"container\">\n\n        <div class=\"content-wrapper\" data-animation-target>\n                            <h2>\n                    SAP Business One \u2013 an opportunity for your company to catch the perfect wave of efficiency and innovation                <\/h2>\n                        <div class=\"content\">\n                We invite you to a live event organized by European Digital Innovation Hub EDIH Vilnius and Altus Intelligence, where the most relevant topics in business management meet SAP innovations.\r\n\r\n\r\nDiscover the possibilities of the SAP Business One solution \u2014 how to make your company\u2019s processes more efficient, make data-driven decisions in real time, and foster growth.\r\n            <\/div>\n            <div class=\"btn-wrap\">\n                            <\/div>\n\n        <\/div>\n    <\/div>\n<\/section>\n\n\n<section id=\"product-about-block_2c8410fdb7259ad98b66aece165e9085\" class=\"block product-about\" data-animation-type=\"fade-in-up\">\n    <div class=\"container\" data-animation-target>\n        <div class=\"row\">\n                        <div class=\"col-12 col-lg-6\">\n                                    <div class=\"product-about-content\">\n                        <h4>City: Vilnius<br \/>\nDate: December 3rd, 2025<br \/>\nTime: 9:30\u201313:00<\/h4>\n<p><strong>Venue: COURTYARD VILNIUS CITY CENTER, Rinktin\u0117s str. 3, Vilnius<\/strong><br \/>\n<strong>Topic: The possibilities and advantages of the SAP Business One solution<\/strong><br \/>\n<strong>For whom: SME ( small and medium) companies<\/strong><br \/>\n<strong>Language: English<\/strong><\/p>\n<ul>\n<li>What is SAP Business One \u2014 the ERP solution trusted by more than 80,000 clients worldwide?<\/li>\n<li>The sessions will cover the solution\u2019s powerful features, practical benefits, and innovations:<\/li>\n<li>Application of AI agents that transform daily tasks and enhance decision-making<\/li>\n<li>Practical examples of using AI agents to simplify and automate workflows and save time<\/li>\n<li>Latest information on support programs for businesses<\/li>\n<li>Networking opportunities with company leaders and industry professionals<\/li>\n<\/ul>\n<p><strong>Each participant will have the opportunity to receive free consultations and analysis on ERP implementation in their company.<\/strong><\/p>\n                    <\/div>\n                            <\/div>\n        <\/div>\n\n\n        <div class=\"product-about-slider\">\n            \n                    <\/div>\n\n    <\/div>\n<\/section>\n\n\n<section id=\"other-products-block_daea40df2c6030bda55b3e5c49e31254\" class=\"block other-products\" data-animation-type=\"fade-in-up\">\n\n    <div class=\"container\">\n                    <h4 class=\"block-title\" data-animation-target>Event Program<\/h4>\n                            <div class=\"row\">\n                                    <div class=\"col-12\">\n                        <div class=\"product-card\" data-animation-target>\n                                                        <div class=\"product-title\">\n                                                                    <h4>09:30\u201310:00 <\/h4>\n                                                                                                    <h5>Registration and networking breakfast<\/h5>\n                                                            <\/div>\n                                                            <div class=\"product-link\">\n                                                                    <\/div>\n                        <\/div>\n                    <\/div>\n                                    <div class=\"col-12\">\n                        <div class=\"product-card\" data-animation-target>\n                                                        <div class=\"product-title\">\n                                                                    <h4>10:00\u201310:10 <\/h4>\n                                                                                                    <h5>Opening remarks<\/h5>\n                                                            <\/div>\n                                                            <div class=\"product-info\">\n                                    <p>Evelina \u0160alav\u0117jien\u0117 \u2013 EDIH Vilnius\r\nK\u0119stutis Kasakaitis \u2013 SAP Lithuania [LT]\r\n<\/p>\n                                <\/div>\n                                                            <div class=\"product-link\">\n                                                                    <\/div>\n                        <\/div>\n                    <\/div>\n                                    <div class=\"col-12\">\n                        <div class=\"product-card\" data-animation-target>\n                                                        <div class=\"product-title\">\n                                                                    <h4>10:10\u201310:50 <\/h4>\n                                                                                                    <h5>SAP Business One overview &#038; demo<\/h5>\n                                                            <\/div>\n                                                            <div class=\"product-info\">\n                                    <p>Marc Tiggler \u2013SAP BeNeLux [EN]   \r\nRosi Coronado \u2013 MyWave [EN]\r\n<\/p>\n                                <\/div>\n                                                            <div class=\"product-link\">\n                                                                    <\/div>\n                        <\/div>\n                    <\/div>\n                                    <div class=\"col-12\">\n                        <div class=\"product-card\" data-animation-target>\n                                                        <div class=\"product-title\">\n                                                                    <h4>10:50\u201311:15 <\/h4>\n                                                                                                    <h5>SAP Business One usage scenarios<\/h5>\n                                                            <\/div>\n                                                            <div class=\"product-info\">\n                                    <p>Ingr\u012bda August\u0101ne &#8211; Altus Intelligence \r\nIvars Kalnins &#8211; Altus Intelligence  [EN]\r\n<\/p>\n                                <\/div>\n                                                            <div class=\"product-link\">\n                                                                    <\/div>\n                        <\/div>\n                    <\/div>\n                                    <div class=\"col-12\">\n                        <div class=\"product-card\" data-animation-target>\n                                                        <div class=\"product-title\">\n                                                                    <h4>11:15\u201311:45 <\/h4>\n                                                                                                    <h5>Coffee break<\/h5>\n                                                            <\/div>\n                                                            <div class=\"product-link\">\n                                                                    <\/div>\n                        <\/div>\n                    <\/div>\n                                    <div class=\"col-12\">\n                        <div class=\"product-card\" data-animation-target>\n                                                        <div class=\"product-title\">\n                                                                    <h4>11:45\u201312:15 <\/h4>\n                                                                                                    <h5>Business One and AI capabilities<\/h5>\n                                                            <\/div>\n                                                            <div class=\"product-info\">\n                                    <p>Rosi Coronado \u2013 MyWave [EN]<\/p>\n                                <\/div>\n                                                            <div class=\"product-link\">\n                                                                    <\/div>\n                        <\/div>\n                    <\/div>\n                                    <div class=\"col-12\">\n                        <div class=\"product-card\" data-animation-target>\n                                                        <div class=\"product-title\">\n                                                                    <h4>12:15\u201312:30 <\/h4>\n                                                                                                    <h5>EDIH services and EU funding<\/h5>\n                                                            <\/div>\n                                                            <div class=\"product-info\">\n                                    <p>Evelina Savelijiene \u2013 EDIH [LT]<\/p>\n                                <\/div>\n                                                            <div class=\"product-link\">\n                                                                    <\/div>\n                        <\/div>\n                    <\/div>\n                                    <div class=\"col-12\">\n                        <div class=\"product-card\" data-animation-target>\n                                                        <div class=\"product-title\">\n                                                                    <h4>12:30\u201313:00 <\/h4>\n                                                                                                    <h5>Event closing<\/h5>\n                                                            <\/div>\n                                                            <div class=\"product-link\">\n                                                                    <\/div>\n                        <\/div>\n                    <\/div>\n                            <\/div>\n        \n    <\/div>\n\n<\/section>\n","protected":false},"excerpt":{"rendered":"","protected":false},"author":2,"featured_media":736,"parent":0,"menu_order":0,"comment_status":"closed","ping_status":"closed","template":"","meta":{"_acf_changed":false,"footnotes":""},"class_list":["post-743","page","type-page","status-publish","has-post-thumbnail","hentry"],"acf":[],"yoast_head":"<!-- This site is optimized with the Yoast SEO plugin v25.8 - https:\/\/yoast.com\/wordpress\/plugins\/seo\/ -->\n<title>News - Altus Intelligence<\/title>\n<meta name=\"robots\" content=\"index, follow, max-snippet:-1, max-image-preview:large, max-video-preview:-1\" \/>\n<link rel=\"canonical\" href=\"https:\/\/www.altusintelligence.eu\/en\/news\/\" \/>\n<meta property=\"og:locale\" content=\"en_US\" \/>\n<meta property=\"og:type\" content=\"article\" \/>\n<meta property=\"og:title\" content=\"News - Altus Intelligence\" \/>\n<meta property=\"og:url\" content=\"https:\/\/www.altusintelligence.eu\/en\/news\/\" \/>\n<meta property=\"og:site_name\" content=\"Altus Intelligence\" \/>\n<meta property=\"article:modified_time\" content=\"2026-01-22T13:19:23+00:00\" \/>\n<meta property=\"og:image\" content=\"https:\/\/www.altusintelligence.eu\/wp-content\/uploads\/2025\/10\/Bilde-5-e1761660539248.jpg\" \/>\n\t<meta property=\"og:image:width\" content=\"1360\" \/>\n\t<meta property=\"og:image:height\" content=\"533\" \/>\n\t<meta property=\"og:image:type\" content=\"image\/jpeg\" \/>\n<meta name=\"twitter:card\" content=\"summary_large_image\" \/>\n<meta name=\"twitter:label1\" content=\"Est. reading time\" \/>\n\t<meta name=\"twitter:data1\" content=\"1 minute\" \/>\n<script type=\"application\/ld+json\" class=\"yoast-schema-graph\">{\"@context\":\"https:\/\/schema.org\",\"@graph\":[{\"@type\":\"WebPage\",\"@id\":\"https:\/\/www.altusintelligence.eu\/en\/news\/\",\"url\":\"https:\/\/www.altusintelligence.eu\/en\/news\/\",\"name\":\"News - Altus Intelligence\",\"isPartOf\":{\"@id\":\"https:\/\/www.altusintelligence.eu\/en\/#website\"},\"primaryImageOfPage\":{\"@id\":\"https:\/\/www.altusintelligence.eu\/en\/news\/#primaryimage\"},\"image\":{\"@id\":\"https:\/\/www.altusintelligence.eu\/en\/news\/#primaryimage\"},\"thumbnailUrl\":\"https:\/\/www.altusintelligence.eu\/wp-content\/uploads\/2025\/10\/Bilde-5-e1761660539248.jpg\",\"datePublished\":\"2025-10-21T10:33:14+00:00\",\"dateModified\":\"2026-01-22T13:19:23+00:00\",\"breadcrumb\":{\"@id\":\"https:\/\/www.altusintelligence.eu\/en\/news\/#breadcrumb\"},\"inLanguage\":\"en-US\",\"potentialAction\":[{\"@type\":\"ReadAction\",\"target\":[\"https:\/\/www.altusintelligence.eu\/en\/news\/\"]}]},{\"@type\":\"ImageObject\",\"inLanguage\":\"en-US\",\"@id\":\"https:\/\/www.altusintelligence.eu\/en\/news\/#primaryimage\",\"url\":\"https:\/\/www.altusintelligence.eu\/wp-content\/uploads\/2025\/10\/Bilde-5-e1761660539248.jpg\",\"contentUrl\":\"https:\/\/www.altusintelligence.eu\/wp-content\/uploads\/2025\/10\/Bilde-5-e1761660539248.jpg\",\"width\":1360,\"height\":533},{\"@type\":\"BreadcrumbList\",\"@id\":\"https:\/\/www.altusintelligence.eu\/en\/news\/#breadcrumb\",\"itemListElement\":[{\"@type\":\"ListItem\",\"position\":1,\"name\":\"Home\",\"item\":\"https:\/\/www.altusintelligence.eu\/en\/\"},{\"@type\":\"ListItem\",\"position\":2,\"name\":\"News\"}]},{\"@type\":\"WebSite\",\"@id\":\"https:\/\/www.altusintelligence.eu\/en\/#website\",\"url\":\"https:\/\/www.altusintelligence.eu\/en\/\",\"name\":\"Altus Intelligence\",\"description\":\"\",\"potentialAction\":[{\"@type\":\"SearchAction\",\"target\":{\"@type\":\"EntryPoint\",\"urlTemplate\":\"https:\/\/www.altusintelligence.eu\/en\/?s={search_term_string}\"},\"query-input\":{\"@type\":\"PropertyValueSpecification\",\"valueRequired\":true,\"valueName\":\"search_term_string\"}}],\"inLanguage\":\"en-US\"}]}<\/script>\n<!-- \/ Yoast SEO plugin. -->","yoast_head_json":{"title":"News - Altus Intelligence","robots":{"index":"index","follow":"follow","max-snippet":"max-snippet:-1","max-image-preview":"max-image-preview:large","max-video-preview":"max-video-preview:-1"},"canonical":"https:\/\/www.altusintelligence.eu\/en\/news\/","og_locale":"en_US","og_type":"article","og_title":"News - Altus Intelligence","og_url":"https:\/\/www.altusintelligence.eu\/en\/news\/","og_site_name":"Altus Intelligence","article_modified_time":"2026-01-22T13:19:23+00:00","og_image":[{"width":1360,"height":533,"url":"https:\/\/www.altusintelligence.eu\/wp-content\/uploads\/2025\/10\/Bilde-5-e1761660539248.jpg","type":"image\/jpeg"}],"twitter_card":"summary_large_image","twitter_misc":{"Est. reading time":"1 minute"},"schema":{"@context":"https:\/\/schema.org","@graph":[{"@type":"WebPage","@id":"https:\/\/www.altusintelligence.eu\/en\/news\/","url":"https:\/\/www.altusintelligence.eu\/en\/news\/","name":"News - Altus Intelligence","isPartOf":{"@id":"https:\/\/www.altusintelligence.eu\/en\/#website"},"primaryImageOfPage":{"@id":"https:\/\/www.altusintelligence.eu\/en\/news\/#primaryimage"},"image":{"@id":"https:\/\/www.altusintelligence.eu\/en\/news\/#primaryimage"},"thumbnailUrl":"https:\/\/www.altusintelligence.eu\/wp-content\/uploads\/2025\/10\/Bilde-5-e1761660539248.jpg","datePublished":"2025-10-21T10:33:14+00:00","dateModified":"2026-01-22T13:19:23+00:00","breadcrumb":{"@id":"https:\/\/www.altusintelligence.eu\/en\/news\/#breadcrumb"},"inLanguage":"en-US","potentialAction":[{"@type":"ReadAction","target":["https:\/\/www.altusintelligence.eu\/en\/news\/"]}]},{"@type":"ImageObject","inLanguage":"en-US","@id":"https:\/\/www.altusintelligence.eu\/en\/news\/#primaryimage","url":"https:\/\/www.altusintelligence.eu\/wp-content\/uploads\/2025\/10\/Bilde-5-e1761660539248.jpg","contentUrl":"https:\/\/www.altusintelligence.eu\/wp-content\/uploads\/2025\/10\/Bilde-5-e1761660539248.jpg","width":1360,"height":533},{"@type":"BreadcrumbList","@id":"https:\/\/www.altusintelligence.eu\/en\/news\/#breadcrumb","itemListElement":[{"@type":"ListItem","position":1,"name":"Home","item":"https:\/\/www.altusintelligence.eu\/en\/"},{"@type":"ListItem","position":2,"name":"News"}]},{"@type":"WebSite","@id":"https:\/\/www.altusintelligence.eu\/en\/#website","url":"https:\/\/www.altusintelligence.eu\/en\/","name":"Altus Intelligence","description":"","potentialAction":[{"@type":"SearchAction","target":{"@type":"EntryPoint","urlTemplate":"https:\/\/www.altusintelligence.eu\/en\/?s={search_term_string}"},"query-input":{"@type":"PropertyValueSpecification","valueRequired":true,"valueName":"search_term_string"}}],"inLanguage":"en-US"}]}},"_links":{"self":[{"href":"https:\/\/www.altusintelligence.eu\/en\/wp-json\/wp\/v2\/pages\/743","targetHints":{"allow":["GET"]}}],"collection":[{"href":"https:\/\/www.altusintelligence.eu\/en\/wp-json\/wp\/v2\/pages"}],"about":[{"href":"https:\/\/www.altusintelligence.eu\/en\/wp-json\/wp\/v2\/types\/page"}],"author":[{"embeddable":true,"href":"https:\/\/www.altusintelligence.eu\/en\/wp-json\/wp\/v2\/users\/2"}],"replies":[{"embeddable":true,"href":"https:\/\/www.altusintelligence.eu\/en\/wp-json\/wp\/v2\/comments?post=743"}],"version-history":[{"count":6,"href":"https:\/\/www.altusintelligence.eu\/en\/wp-json\/wp\/v2\/pages\/743\/revisions"}],"predecessor-version":[{"id":921,"href":"https:\/\/www.altusintelligence.eu\/en\/wp-json\/wp\/v2\/pages\/743\/revisions\/921"}],"wp:featuredmedia":[{"embeddable":true,"href":"https:\/\/www.altusintelligence.eu\/en\/wp-json\/wp\/v2\/media\/736"}],"wp:attachment":[{"href":"https:\/\/www.altusintelligence.eu\/en\/wp-json\/wp\/v2\/media?parent=743"}],"curies":[{"name":"wp","href":"https:\/\/api.w.org\/{rel}","templated":true}]}}